{"id":2,"date":"2024-06-08T10:19:36","date_gmt":"2024-06-08T10:19:36","guid":{"rendered":"http:\/\/habistat.com\/?page_id=2"},"modified":"2025-02-28T15:26:42","modified_gmt":"2025-02-28T15:26:42","slug":"casa-habitat","status":"publish","type":"page","link":"https:\/\/habistat.com\/it\/","title":{"rendered":"Pagina iniziale di HabiStat"},"content":{"rendered":"<p>Questa \u00e8 una pagina di esempio. \u00c8 diversa da un post di blog perch\u00e9 rimarr\u00e0 in un posto e apparir\u00e0 nella navigazione del tuo sito (nella maggior parte dei temi). La maggior parte delle persone inizia con una pagina Informazioni che li presenta ai potenziali visitatori del sito. Potrebbe dire qualcosa del genere:<\/p>\n\n\n\n<blockquote class=\"wp-block-quote is-layout-flow wp-block-quote-is-layout-flow\"><p>Ciao! Di giorno faccio il fattorino in bicicletta, di notte sono un aspirante attore e questo \u00e8 il mio sito web. Vivo a Los Angeles, ho un cane fantastico di nome Jack e mi piace la pi\u00f1a colada. (E farmi sorprendere dalla pioggia.)<\/p><\/blockquote>\n\n\n\n<p>\u2026o qualcosa del genere:<\/p>\n\n\n\n<blockquote class=\"wp-block-quote is-layout-flow wp-block-quote-is-layout-flow\"><p>La XYZ Doohickey Company \u00e8 stata fondata nel 1971 e da allora fornisce doohickey di qualit\u00e0 al pubblico. Situata a Gotham City, XYZ impiega oltre 2.000 persone e realizza ogni genere di cose fantastiche per la comunit\u00e0 di Gotham.<\/p><\/blockquote>\n\n\n\n<p>Come nuovo utente di WordPress, dovresti andare su <a href=\"https:\/\/habistat.com\/wp-admin\/\">la tua dashboard<\/a> per eliminare questa pagina e creare nuove pagine per i tuoi contenuti. Divertiti!<\/p>","protected":false},"excerpt":{"rendered":"<p>This is an example page. It&#8217;s different from a blog post because it will stay in one place and will show up in your site navigation (in most themes). Most people start with an About page that introduces them to potential site visitors. It might say something like this: Hi there! I&#8217;m a bike messenger [&hellip;]<\/p>\n","protected":false},"author":1,"featured_media":0,"parent":0,"menu_order":0,"comment_status":"closed","ping_status":"closed","template":"","meta":{"_acf_changed":false,"footnotes":""},"class_list":["post-2","page","type-page","status-publish","hentry"],"acf":[],"_links":{"self":[{"href":"https:\/\/habistat.com\/it\/wp-json\/wp\/v2\/pages\/2","targetHints":{"allow":["GET"]}}],"collection":[{"href":"https:\/\/habistat.com\/it\/wp-json\/wp\/v2\/pages"}],"about":[{"href":"https:\/\/habistat.com\/it\/wp-json\/wp\/v2\/types\/page"}],"author":[{"embeddable":true,"href":"https:\/\/habistat.com\/it\/wp-json\/wp\/v2\/users\/1"}],"replies":[{"embeddable":true,"href":"https:\/\/habistat.com\/it\/wp-json\/wp\/v2\/comments?post=2"}],"version-history":[{"count":5,"href":"https:\/\/habistat.com\/it\/wp-json\/wp\/v2\/pages\/2\/revisions"}],"predecessor-version":[{"id":4842,"href":"https:\/\/habistat.com\/it\/wp-json\/wp\/v2\/pages\/2\/revisions\/4842"}],"wp:attachment":[{"href":"https:\/\/habistat.com\/it\/wp-json\/wp\/v2\/media?parent=2"}],"curies":[{"name":"scrivere","href":"https:\/\/api.w.org\/{rel}","templated":true}]}}