{"id":2,"date":"2024-06-08T10:19:36","date_gmt":"2024-06-08T10:19:36","guid":{"rendered":"http:\/\/habistat.com\/?page_id=2"},"modified":"2025-02-28T15:26:42","modified_gmt":"2025-02-28T15:26:42","slug":"casa-habitat","status":"publish","type":"page","link":"https:\/\/habistat.com\/es\/","title":{"rendered":"P\u00e1gina de inicio de HabiStat"},"content":{"rendered":"<p>Esta es una p\u00e1gina de ejemplo. Es diferente de una publicaci\u00f3n de blog porque permanecer\u00e1 en un lugar y aparecer\u00e1 en la navegaci\u00f3n de su sitio (en la mayor\u00eda de los temas). La mayor\u00eda de las personas comienzan con una p\u00e1gina Acerca de que les presenta a los visitantes potenciales del sitio. Podr\u00eda decir algo como esto:<\/p>\n\n\n\n<blockquote class=\"wp-block-quote is-layout-flow wp-block-quote-is-layout-flow\"><p>\u00a1Hola! Soy mensajero en bicicleta durante el d\u00eda y aspirante a actor por la noche. Este es mi sitio web. Vivo en Los \u00c1ngeles, tengo un perro maravilloso llamado Jack y me gustan las pi\u00f1as coladas (y que me sorprenda la lluvia).<\/p><\/blockquote>\n\n\n\n<p>\u2026o algo as\u00ed:<\/p>\n\n\n\n<blockquote class=\"wp-block-quote is-layout-flow wp-block-quote-is-layout-flow\"><p>La empresa XYZ Doohickey Company se fund\u00f3 en 1971 y desde entonces ofrece art\u00edculos de calidad al p\u00fablico. Ubicada en Ciudad G\u00f3tica, XYZ emplea a m\u00e1s de 2000 personas y hace todo tipo de cosas incre\u00edbles para la comunidad de Ciudad G\u00f3tica.<\/p><\/blockquote>\n\n\n\n<p>Como nuevo usuario de WordPress, debes ir a <a href=\"https:\/\/habistat.com\/wp-admin\/\">Tu tablero de mandos<\/a> Para eliminar esta p\u00e1gina y crear nuevas p\u00e1ginas para tu contenido. \u00a1Divi\u00e9rtete!<\/p>","protected":false},"excerpt":{"rendered":"<p>This is an example page. It&#8217;s different from a blog post because it will stay in one place and will show up in your site navigation (in most themes). Most people start with an About page that introduces them to potential site visitors. It might say something like this: Hi there! I&#8217;m a bike messenger [&hellip;]<\/p>\n","protected":false},"author":1,"featured_media":0,"parent":0,"menu_order":0,"comment_status":"closed","ping_status":"closed","template":"","meta":{"_acf_changed":false,"footnotes":""},"class_list":["post-2","page","type-page","status-publish","hentry"],"acf":[],"_links":{"self":[{"href":"https:\/\/habistat.com\/es\/wp-json\/wp\/v2\/pages\/2","targetHints":{"allow":["GET"]}}],"collection":[{"href":"https:\/\/habistat.com\/es\/wp-json\/wp\/v2\/pages"}],"about":[{"href":"https:\/\/habistat.com\/es\/wp-json\/wp\/v2\/types\/page"}],"author":[{"embeddable":true,"href":"https:\/\/habistat.com\/es\/wp-json\/wp\/v2\/users\/1"}],"replies":[{"embeddable":true,"href":"https:\/\/habistat.com\/es\/wp-json\/wp\/v2\/comments?post=2"}],"version-history":[{"count":5,"href":"https:\/\/habistat.com\/es\/wp-json\/wp\/v2\/pages\/2\/revisions"}],"predecessor-version":[{"id":4842,"href":"https:\/\/habistat.com\/es\/wp-json\/wp\/v2\/pages\/2\/revisions\/4842"}],"wp:attachment":[{"href":"https:\/\/habistat.com\/es\/wp-json\/wp\/v2\/media?parent=2"}],"curies":[{"name":"Gracias","href":"https:\/\/api.w.org\/{rel}","templated":true}]}}