{"id":488,"date":"2024-06-08T10:19:39","date_gmt":"2024-06-08T10:19:39","guid":{"rendered":"https:\/\/habistat.com\/?page_id=488"},"modified":"2024-11-12T11:38:21","modified_gmt":"2024-11-12T11:38:21","slug":"ruckerstattungen","status":"publish","type":"page","link":"https:\/\/habistat.com\/de\/refund_returns\/","title":{"rendered":"R\u00fcckerstattungs- und R\u00fcckgabebedingungen"},"content":{"rendered":"<p><b>Dies ist eine Beispielseite.<\/b><\/p>\n\n\n\n<h2 class=\"wp-block-heading\">\u00dcberblick<\/h2>\n\n\n\n<p>Unser R\u00fcckgabe- und R\u00fcckerstattungsrecht gilt 30 Tage lang. Wenn seit Ihrem Kauf 30 Tage vergangen sind, k\u00f6nnen wir Ihnen weder eine vollst\u00e4ndige R\u00fcckerstattung noch einen Umtausch anbieten.<\/p>\n\n\n\n<p>Um f\u00fcr eine R\u00fccksendung in Frage zu kommen, muss Ihr Artikel unbenutzt und in demselben Zustand sein, in dem Sie ihn erhalten haben. Er muss sich au\u00dferdem in der Originalverpackung befinden.<\/p>\n\n\n\n<p>Einige Warenarten sind von der R\u00fcckgabe ausgeschlossen. Verderbliche Waren wie Lebensmittel, Blumen, Zeitungen oder Zeitschriften k\u00f6nnen nicht zur\u00fcckgegeben werden. Wir akzeptieren auch keine Produkte, die Intim- oder Hygieneartikel, gef\u00e4hrliche Stoffe oder brennbare Fl\u00fcssigkeiten oder Gase enthalten.<\/p>\n\n\n\n<p>Weitere vom Umtausch ausgeschlossene Artikel:<\/p>\n\n\n\n<ul class=\"wp-block-list\">\n<li>Geschenkkarten<\/li>\n<li>Herunterladbare Softwareprodukte<\/li>\n<li>Einige Gesundheits- und K\u00f6rperpflegeartikel<\/li>\n<\/ul>\n\n\n\n<p>Um Ihre R\u00fccksendung abzuschlie\u00dfen, ben\u00f6tigen wir eine Quittung oder einen Kaufbeleg.<\/p>\n\n\n\n<p>Bitte senden Sie Ihren Kauf nicht an den Hersteller zur\u00fcck.<\/p>\n\n\n\n<p>Es gibt bestimmte Situationen, in denen nur teilweise R\u00fcckerstattungen gew\u00e4hrt werden:<\/p>\n\n\n\n<ul class=\"wp-block-list\">\n<li>Buch mit offensichtlichen Gebrauchsspuren<\/li>\n<li>Ge\u00f6ffnete CD, DVD, VHS-Kassette, Software, Videospiel, Kassette oder Schallplatte.<\/li>\n<li>Jeder Artikel, der sich nicht in seinem Originalzustand befindet, ist besch\u00e4digt oder es fehlen Teile aus Gr\u00fcnden, die nicht auf unseren Fehler zur\u00fcckzuf\u00fchren sind.<\/li>\n<li>Jeder Artikel, der mehr als 30 Tage nach der Lieferung zur\u00fcckgegeben wird<\/li>\n<\/ul>\n\n\n\n<h2>R\u00fcckerstattungen<\/h2>\n\n\n\n<p>Sobald Ihre R\u00fccksendung bei uns eingegangen und gepr\u00fcft ist, senden wir Ihnen eine E-Mail, um Sie \u00fcber den Erhalt Ihrer R\u00fccksendung zu informieren. Wir benachrichtigen Sie auch \u00fcber die Genehmigung oder Ablehnung Ihrer R\u00fcckerstattung.<\/p>\n\n\n\n<p>Wenn Ihre R\u00fcckerstattung genehmigt wird, wird sie bearbeitet und innerhalb einer bestimmten Anzahl von Tagen automatisch Ihrer Kreditkarte oder Ihrer urspr\u00fcnglichen Zahlungsmethode gutgeschrieben.<\/p>\n\n\n\n<h3 class=\"wp-block-heading\">Versp\u00e4tete oder fehlende R\u00fcckerstattungen<\/h3>\n\n\n\n<p>Sollten Sie noch keine R\u00fcckerstattung erhalten haben, \u00fcberpr\u00fcfen Sie zun\u00e4chst noch einmal Ihr Bankkonto.<\/p>\n\n\n\n<p>Wenden Sie sich dann an Ihr Kreditkartenunternehmen. Es kann einige Zeit dauern, bis Ihre R\u00fcckerstattung offiziell verbucht wird.<\/p>\n\n\n\n<p>Wenden Sie sich anschlie\u00dfend an Ihre Bank. Es dauert oft eine gewisse Bearbeitungszeit, bis eine R\u00fcckerstattung verbucht wird.<\/p>\n\n\n\n<p>Wenn Sie all dies getan haben und Ihre R\u00fcckerstattung noch immer nicht erhalten haben, kontaktieren Sie uns bitte unter {E-Mail-Adresse}.<\/p>\n\n\n\n<h3 class=\"wp-block-heading\">Verkaufsartikel<\/h3>\n\n\n\n<p>Nur Artikel zum regul\u00e4ren Preis k\u00f6nnen erstattet werden. Ausverkaufsartikel k\u00f6nnen nicht erstattet werden.<\/p>\n\n\n\n<h2>B\u00f6rsen<\/h2>\n\n\n\n<p>Wir ersetzen Artikel nur, wenn sie defekt oder besch\u00e4digt sind. Wenn Sie den Artikel gegen denselben Artikel umtauschen m\u00f6chten, senden Sie uns bitte eine E-Mail an {E-Mail-Adresse} und senden Sie den Artikel an: {Postanschrift}.<\/p>\n\n\n\n<h2>Geschenke<\/h2>\n\n\n\n<p>Wenn der Artikel beim Kauf als Geschenk gekennzeichnet und direkt an Sie versandt wurde, erhalten Sie eine Geschenkgutschrift in H\u00f6he des Wertes Ihrer R\u00fccksendung. Sobald der zur\u00fcckgesendete Artikel bei uns eingetroffen ist, wird Ihnen ein Geschenkgutschein zugesandt.<\/p>\n\n\n\n<p>Wenn der Artikel beim Kauf nicht als Geschenk gekennzeichnet war oder der Schenkende die Bestellung an sich selbst versenden lie\u00df, um sie Ihnen sp\u00e4ter zu geben, senden wir dem Schenkenden eine R\u00fcckerstattung und er wird \u00fcber Ihre R\u00fccksendung informiert.<\/p>\n\n\n\n<h2>Versandr\u00fccksendungen<\/h2>\n\n\n\n<p>Um Ihr Produkt zur\u00fcckzusenden, sollten Sie es an folgende Adresse schicken: {Postanschrift}.<\/p>\n\n\n\n<p>Sie tragen die Versandkosten f\u00fcr die R\u00fccksendung Ihres Artikels selbst. Versandkosten sind nicht erstattungsf\u00e4hig. Wenn Sie eine R\u00fcckerstattung erhalten, werden die Kosten f\u00fcr die R\u00fccksendung von Ihrer R\u00fcckerstattung abgezogen.<\/p>\n\n\n\n<p>Je nachdem, wo Sie wohnen, kann die Lieferzeit Ihres umgetauschten Produkts unterschiedlich sein.<\/p>\n\n\n\n<p>Wenn Sie teurere Artikel zur\u00fccksenden, k\u00f6nnen Sie einen nachverfolgbaren Versandservice oder eine Versandversicherung in Betracht ziehen. Wir garantieren nicht, dass wir Ihren zur\u00fcckgesendeten Artikel erhalten.<\/p>\n\n\n\n<h2>Brauchen Sie Hilfe?<\/h2>\n\n\n\n<p>Kontaktieren Sie uns unter {email}, wenn Sie Fragen zu R\u00fcckerstattungen und R\u00fccksendungen haben.<\/p>","protected":false},"excerpt":{"rendered":"<p>This is a sample page. Overview Our refund and returns policy lasts 30 days. If 30 days have passed since your purchase, we can\u2019t offer you a full refund or exchange. To be eligible for a return, your item must be unused and in the same condition that you received it. It must also be [&hellip;]<\/p>\n","protected":false},"author":1,"featured_media":0,"parent":0,"menu_order":0,"comment_status":"closed","ping_status":"closed","template":"","meta":{"_acf_changed":false,"footnotes":""},"class_list":["post-488","page","type-page","status-publish","hentry"],"acf":[],"_links":{"self":[{"href":"https:\/\/habistat.com\/de\/wp-json\/wp\/v2\/pages\/488","targetHints":{"allow":["GET"]}}],"collection":[{"href":"https:\/\/habistat.com\/de\/wp-json\/wp\/v2\/pages"}],"about":[{"href":"https:\/\/habistat.com\/de\/wp-json\/wp\/v2\/types\/page"}],"author":[{"embeddable":true,"href":"https:\/\/habistat.com\/de\/wp-json\/wp\/v2\/users\/1"}],"replies":[{"embeddable":true,"href":"https:\/\/habistat.com\/de\/wp-json\/wp\/v2\/comments?post=488"}],"version-history":[{"count":0,"href":"https:\/\/habistat.com\/de\/wp-json\/wp\/v2\/pages\/488\/revisions"}],"wp:attachment":[{"href":"https:\/\/habistat.com\/de\/wp-json\/wp\/v2\/media?parent=488"}],"curies":[{"name":"wp","href":"https:\/\/api.w.org\/{rel}","templated":true}]}}